{"id":92,"date":"2021-11-14T14:35:39","date_gmt":"2021-11-14T14:35:39","guid":{"rendered":"https:\/\/www.natierheilpraxis.de\/?page_id=92"},"modified":"2023-01-16T16:07:48","modified_gmt":"2023-01-16T16:07:48","slug":"impressum","status":"publish","type":"page","link":"https:\/\/www.natierheilpraxis.de\/index.php\/impressum\/","title":{"rendered":"Impressum"},"content":{"rendered":"\t\t<div data-elementor-type=\"wp-page\" data-elementor-id=\"92\" class=\"elementor elementor-92\">\n\t\t\t\t\t\t\t\t\t<section class=\"elementor-section elementor-top-section elementor-element elementor-element-b029173 elementor-section-boxed elementor-section-height-default elementor-section-height-default\" data-id=\"b029173\" data-element_type=\"section\">\n\t\t\t\t\t\t<div class=\"elementor-container elementor-column-gap-default\">\n\t\t\t\t\t<div class=\"elementor-column elementor-col-100 elementor-top-column elementor-element elementor-element-071779d\" data-id=\"071779d\" data-element_type=\"column\">\n\t\t\t<div class=\"elementor-widget-wrap elementor-element-populated\">\n\t\t\t\t\t\t\t\t<div class=\"elementor-element elementor-element-9aaace1 elementor-widget elementor-widget-button\" data-id=\"9aaace1\" data-element_type=\"widget\" data-widget_type=\"button.default\">\n\t\t\t\t<div class=\"elementor-widget-container\">\n\t\t\t\t\t<div class=\"elementor-button-wrapper\">\n\t\t\t<a href=\"https:\/\/www.natierheilpraxis.de\/\" class=\"elementor-button-link elementor-button elementor-size-sm elementor-animation-grow\" role=\"button\">\n\t\t\t\t\t\t<span class=\"elementor-button-content-wrapper\">\n\t\t\t\t\t\t\t<span class=\"elementor-button-icon elementor-align-icon-left\">\n\t\t\t\t<i aria-hidden=\"true\" class=\"far fa-arrow-alt-circle-left\"><\/i>\t\t\t<\/span>\n\t\t\t\t\t\t<span class=\"elementor-button-text\">Home<\/span>\n\t\t<\/span>\n\t\t\t\t\t<\/a>\n\t\t<\/div>\n\t\t\t\t<\/div>\n\t\t\t\t<\/div>\n\t\t\t\t<div class=\"elementor-element elementor-element-bc8dcdb elementor-widget elementor-widget-text-editor\" data-id=\"bc8dcdb\" data-element_type=\"widget\" data-widget_type=\"text-editor.default\">\n\t\t\t\t<div class=\"elementor-widget-container\">\n\t\t\t<style>\/*! elementor - v3.10.0 - 09-01-2023 *\/\n.elementor-widget-text-editor.elementor-drop-cap-view-stacked .elementor-drop-cap{background-color:#818a91;color:#fff}.elementor-widget-text-editor.elementor-drop-cap-view-framed .elementor-drop-cap{color:#818a91;border:3px solid;background-color:transparent}.elementor-widget-text-editor:not(.elementor-drop-cap-view-default) .elementor-drop-cap{margin-top:8px}.elementor-widget-text-editor:not(.elementor-drop-cap-view-default) .elementor-drop-cap-letter{width:1em;height:1em}.elementor-widget-text-editor .elementor-drop-cap{float:left;text-align:center;line-height:1;font-size:50px}.elementor-widget-text-editor .elementor-drop-cap-letter{display:inline-block}<\/style>\t\t\t\t<br role=\"presentation\"><span style=\"left: 104.199px; top: 465.7px; font-size: 26.6667px; font-family: sans-serif; transform: scaleX(1.09044);\" role=\"presentation\" dir=\"ltr\">Angaben gem\u00e4\u00df \u00a7 5 TMG<\/span><br role=\"presentation\"><span style=\"left: 104.199px; top: 517.439px; font-size: 16.6667px; font-family: sans-serif; transform: scaleX(1.10725);\" role=\"presentation\" dir=\"ltr\">J\u00fcrgen Gilles<\/span><br role=\"presentation\"><span style=\"left: 104.199px; top: 538.272px; font-size: 16.6667px; font-family: sans-serif; transform: scaleX(1.11183);\" role=\"presentation\" dir=\"ltr\">Tierheilpraktiker<\/span><br role=\"presentation\"><span style=\"left: 104.199px; top: 559.105px; font-size: 16.6667px; font-family: sans-serif; transform: scaleX(1.10005);\" role=\"presentation\" dir=\"ltr\">Oberh\u00fcll 25<\/span><br role=\"presentation\"><div><span style=\"left: 104.199px; top: 579.939px; font-size: 16.6667px; font-family: sans-serif; transform: scaleX(1.1169);\" role=\"presentation\" dir=\"ltr\">21706 Drochtersen<\/span><\/div><div><span style=\"left: 104.199px; top: 579.939px; font-size: 16.6667px; font-family: sans-serif; transform: scaleX(1.1169);\" role=\"presentation\" dir=\"ltr\"><br><\/span><\/div><span style=\"left: 104.199px; top: 624.033px; font-size: 26.6667px; font-family: sans-serif; transform: scaleX(1.17687);\" role=\"presentation\" dir=\"ltr\">Kontakt<\/span><br role=\"presentation\"><span style=\"left: 104.199px; top: 675.772px; font-size: 16.6667px; font-family: sans-serif; transform: scaleX(1.10058);\" role=\"presentation\" dir=\"ltr\">Telefon: +49 (0) 4775 28 999 77<\/span><br role=\"presentation\"><span style=\"left: 104.199px; top: 696.605px; font-size: 16.6667px; font-family: sans-serif; transform: scaleX(1.10544);\" role=\"presentation\" dir=\"ltr\">Telefax: +49 (0) 4775 28 999 78<\/span><br role=\"presentation\"><div><span style=\"left: 104.199px; top: 717.439px; font-size: 16.6667px; font-family: sans-serif; transform: scaleX(1.07226);\" role=\"presentation\" dir=\"ltr\">E-Mail: info@natierheilpraxis.de<\/span><\/div><div><span style=\"left: 104.199px; top: 717.439px; font-size: 16.6667px; font-family: sans-serif; transform: scaleX(1.07226);\" role=\"presentation\" dir=\"ltr\"><br><\/span><\/div><span style=\"left: 104.199px; top: 761.533px; font-size: 26.6667px; font-family: sans-serif; transform: scaleX(1.13991);\" role=\"presentation\" dir=\"ltr\">Umsatzsteuer-ID<\/span><br role=\"presentation\"><span style=\"left: 104.199px; top: 813.272px; font-size: 16.6667px; font-family: sans-serif; transform: scaleX(1.08207);\" role=\"presentation\" dir=\"ltr\">Umsatzsteuer-Identifikationsnummer gem\u00e4\u00df \u00a7 27 a Umsatzsteuergesetz:<\/span><br role=\"presentation\"><div><span style=\"left: 104.199px; top: 834.105px; font-size: 16.6667px; font-family: sans-serif; transform: scaleX(1.15795);\" role=\"presentation\" dir=\"ltr\">DE285199368<\/span><\/div><div><span style=\"left: 104.199px; top: 834.105px; font-size: 16.6667px; font-family: sans-serif; transform: scaleX(1.15795);\" role=\"presentation\" dir=\"ltr\"><br><\/span><\/div><span style=\"left: 104.199px; top: 878.2px; font-size: 26.6667px; font-family: sans-serif; transform: scaleX(1.12218);\" role=\"presentation\" dir=\"ltr\">Verbraucherstreitbeilegung\/Universalschlichtungsstelle<\/span><br role=\"presentation\"><span style=\"left: 104.199px; top: 929.939px; font-size: 16.6667px; font-family: sans-serif; transform: scaleX(1.07634);\" role=\"presentation\" dir=\"ltr\">Wir sind nicht bereit oder verpflichtet, an Streitbeilegungsverfahren vor einer<\/span><br role=\"presentation\"><span style=\"left: 104.199px; top: 950.772px; font-size: 16.6667px; font-family: sans-serif; transform: scaleX(1.08551);\" role=\"presentation\" dir=\"ltr\">Verbraucherschlichtungsstelle teilzunehmen.<\/span><br role=\"presentation\"><span style=\"left: 104.199px; top: 992.439px; font-size: 16.6667px; font-family: sans-serif; transform: scaleX(1.08425);\" role=\"presentation\" dir=\"ltr\">Quelle:<\/span><br role=\"presentation\"><span style=\"left: 104.199px; top: 1013.27px; font-size: 16.6667px; font-family: sans-serif; transform: scaleX(1.07566);\" role=\"presentation\" dir=\"ltr\">https:\/\/www.e-recht24.de<\/span><p><\/p>\n<p><br><\/p><p><br><\/p><p>Haftungsausschluss:<\/p>\n<p>Haftung f\u00fcr Inhalte<\/p>\n<p>Die Inhalte unserer Seiten wurden mit gr\u00f6\u00dfter Sorgfalt erstellt. F\u00fcr die Richtigkeit, Vollst\u00e4ndigkeit und Aktualit\u00e4t der Inhalte<\/p>\n<p>k\u00f6nnen wir jedoch keine Gew\u00e4hr \u00fcbernehmen. Als Diensteanbieter sind wir gem\u00e4\u00df \u00a7 7 Abs.1 TMG f\u00fcr eigene Inhalte auf diesen<\/p>\n<p>Seiten nach den allgemeinen Gesetzen verantwortlich. Nach \u00a7\u00a7 8 bis 10 TMG sind wir als Diensteanbieter jedoch nicht<\/p>\n<p>verpflichtet, \u00fcbermittelte oder gespeicherte fremde Informationen zu \u00fcberwachen oder nach Umst\u00e4nden zu forschen, die auf eine<\/p>\n<p>rechtswidrige T\u00e4tigkeit hinweisen. Verpflichtungen zur Entfernung oder Sperrung der Nutzung von Informationen nach den<\/p>\n<p>allgemeinen Gesetzen bleiben hiervon unber\u00fchrt. Eine diesbez\u00fcgliche Haftung ist jedoch erst ab dem Zeitpunkt der Kenntnis einer<\/p>\n<p>konkreten Rechtsverletzung m\u00f6glich. Bei Bekanntwerden von entsprechenden Rechtsverletzungen werden wir diese Inhalte umgehend<\/p>\n<p>entfernen.<\/p>\n<p>Haftung f\u00fcr Links<\/p>\n<p>Unser Angebot enth\u00e4lt Links zu externen Webseiten Dritter, auf deren Inhalte wir keinen Einfluss haben. Deshalb k\u00f6nnen wir f\u00fcr diese<\/p>\n<p>fremden Inhalte auch keine Gew\u00e4hr \u00fcbernehmen. F\u00fcr die Inhalte der verlinkten Seiten ist stets der jeweilige Anbieter oder Betreiber der<\/p>\n<p>Seiten verantwortlich. Die verlinkten Seiten wurden zum Zeitpunkt der Verlinkung auf m\u00f6gliche Rechtsverst\u00f6\u00dfe \u00fcberpr\u00fcft.<\/p>\n<p>Rechtswidrige Inhalte waren zum Zeitpunkt der Verlinkung nicht erkennbar. Eine permanente inhaltliche Kontrolle der verlinkten<\/p>\n<p>Seiten ist jedoch ohne konkrete Anhaltspunkte einer Rechtsverletzung nicht zumutbar. Bei Bekanntwerden von Rechtsverletzungen<\/p>\n<p>werden wir derartige Links umgehend entfernen.<\/p>\n<p>Urheberrecht<\/p>\n<p>Die durch die Seitenbetreiber erstellten Inhalte und Werke auf diesen Seiten unterliegen dem deutschen Urheberrecht. Die<\/p>\n<p>Vervielf\u00e4ltigung, Bearbeitung, Verbreitung und jede Art der Verwertung au\u00dferhalb der Grenzen des Urheberrechtes bed\u00fcrfen der<\/p>\n<p>schriftlichen Zustimmung des jeweiligen Autors bzw. Erstellers. Downloads und Kopien dieser Seite sind nur f\u00fcr den privaten, nicht<\/p>\n<p>kommerziellen Gebrauch gestattet. Soweit die Inhalte auf dieser Seite nicht vom Betreiber erstellt wurden, werden die Urheberrechte<\/p>\n<p>Dritter beachtet. Insbesondere werden Inhalte Dritter als solche gekennzeichnet. Sollten Sie trotzdem auf eine Urheberrechtsverletzung<\/p>\n<p>aufmerksam werden, bitten wir um einen entsprechenden Hinweis. Bei Bekanntwerden von Rechtsverletzungen werden wir derartige<\/p>\n<p>Inhalte umgehend entfernen.<\/p>\n<p>Datenschutz<\/p>\n<p>Die Nutzung unserer Webseite ist in der Regel ohne Angabe personenbezogener Daten m\u00f6glich. Soweit auf unseren Seiten<\/p>\n<p>personenbezogene Daten (beispielsweise Name, Anschrift oder eMail-Adressen) erhoben werden, erfolgt dies, soweit m\u00f6glich,<\/p>\n<p>stets auf freiwilliger Basis. Diese Daten werden ohne Ihre ausdr\u00fcckliche Zustimmung nicht an Dritte weitergegeben.<\/p>\n<p>Wir weisen darauf hin, dass die Daten\u00fcbertragung im Internet (z.B. bei der Kommunikation per E-Mail) Sicherheitsl\u00fccken aufweisen<\/p>\n<p>kann. Ein l\u00fcckenloser Schutz der Daten vor dem Zugriff durch Dritte ist nicht m\u00f6glich.<\/p>\n<p>Der Nutzung von im Rahmen der Impressumspflicht ver\u00f6ffentlichten Kontaktdaten durch Dritte zur \u00dcbersendung von nicht<\/p>\n<p>ausdr\u00fccklich angeforderter Werbung und Informationsmaterialien wird hiermit ausdr\u00fccklich widersprochen. Die Betreiber der Seiten<\/p>\n<p>behalten sich ausdr\u00fccklich rechtliche Schritte im Falle der unverlangten Zusendung von Werbeinformationen, etwa durch Spam-Mails,<\/p>\n<p>vor.<\/p>\n<p><\/p>\n<p>Datenschutzerkl\u00e4rung f\u00fcr die Nutzung von Google Analytics<\/p>\n<p>Diese Website benutzt Google Analytics, einen Webanalysedienst der Google Inc. (&#8222;Google&#8220;). Google Analytics verwendet sog.<\/p>\n<p>&#8222;Cookies&#8220;, Textdateien, die auf Ihrem Computer gespeichert werden und die eine Analyse der Benutzung der Website durch Sie<\/p>\n<p>erm\u00f6glichen. Die durch den Cookie erzeugten Informationen \u00fcber Ihre Benutzung dieser Website werden in der Regel an einen Server<\/p>\n<p>von Google in den USA \u00fcbertragen und dort gespeichert. Im Falle der Aktivierung der IP-Anonymisierung auf dieser Webseite wird<\/p>\n<p>Ihre IP-Adresse von Google jedoch innerhalb von Mitgliedstaaten der Europ\u00e4ischen Union oder in anderen Vertragsstaaten des<\/p>\n<p>Abkommens \u00fcber den Europ\u00e4ischen Wirtschaftsraum zuvor gek\u00fcrzt.<\/p>\n<p>Nur in Ausnahmef\u00e4llen wird die volle IP-Adresse an einen Server von Google in den USA \u00fcbertragen und dort gek\u00fcrzt. Im Auftrag des<\/p>\n<p>Betreibers dieser Website wird Google diese Informationen benutzen, um Ihre Nutzung der Website auszuwerten, um Reports \u00fcber die<\/p>\n<p>Websiteaktivit\u00e4ten zusammenzustellen und um weitere mit der Websitenutzung und der Internetnutzung verbundene Dienstleistungen<\/p>\n<p>gegen\u00fcber dem Websitebetreiber zu erbringen. Die im Rahmen von Google Analytics von Ihrem Browser \u00fcbermittelte IP-Adresse wird<\/p>\n<p>nicht mit anderen Daten von Google zusammengef\u00fchrt.<\/p>\n<p>Sie k\u00f6nnen die Speicherung der Cookies durch eine entsprechende Einstellung Ihrer Browser-Software verhindern; wir weisen Sie<\/p>\n<p>jedoch darauf hin, dass Sie in diesem Fall gegebenenfalls nicht s\u00e4mtliche Funktionen dieser Website vollumf\u00e4nglich werden nutzen<\/p>\n<p>k\u00f6nnen. Sie k\u00f6nnen dar\u00fcber hinaus die Erfassung der durch das Cookie erzeugten und auf Ihre Nutzung der Website bezogenen Daten<\/p>\n<p>(inkl. Ihrer IP-Adresse) an Google sowie die Verarbeitung dieser Daten durch Google verhindern, indem sie das unter dem folgenden<\/p>\n<p>Link verf\u00fcgbare Browser-Plugin herunterladen und installieren: http:\/\/tools.google.com\/dlpage\/gaoptout?hl=de.<\/p>\n<p><\/p>\n<p>Quellenangaben: Disclaimer eRecht24, Datenschutzerkl\u00e4rung Google Analytics<\/p>\t\t\t\t\t\t<\/div>\n\t\t\t\t<\/div>\n\t\t\t\t\t<\/div>\n\t\t<\/div>\n\t\t\t\t\t\t\t<\/div>\n\t\t<\/section>\n\t\t\t\t\t\t\t<\/div>\n\t\t","protected":false},"excerpt":{"rendered":"<p>Home Angaben gem\u00e4\u00df \u00a7 5 TMGJ\u00fcrgen GillesTierheilpraktikerOberh\u00fcll 2521706 DrochtersenKontaktTelefon: +49 (0) 4775 28 999 77Telefax: +49 (0) 4775 28 999 78E-Mail: info@natierheilpraxis.deUmsatzsteuer-IDUmsatzsteuer-Identifikationsnummer gem\u00e4\u00df \u00a7 27 a Umsatzsteuergesetz:DE285199368Verbraucherstreitbeilegung\/UniversalschlichtungsstelleWir sind nicht bereit oder verpflichtet, an Streitbeilegungsverfahren vor einerVerbraucherschlichtungsstelle teilzunehmen.Quelle:https:\/\/www.e-recht24.de Haftungsausschluss: Haftung f\u00fcr Inhalte Die Inhalte unserer Seiten wurden mit gr\u00f6\u00dfter Sorgfalt erstellt. F\u00fcr die Richtigkeit, Vollst\u00e4ndigkeit und [&hellip;]<\/p>\n","protected":false},"author":1,"featured_media":0,"parent":0,"menu_order":0,"comment_status":"closed","ping_status":"closed","template":"","meta":{"footnotes":""},"class_list":["post-92","page","type-page","status-publish","hentry"],"_links":{"self":[{"href":"https:\/\/www.natierheilpraxis.de\/index.php\/wp-json\/wp\/v2\/pages\/92","targetHints":{"allow":["GET"]}}],"collection":[{"href":"https:\/\/www.natierheilpraxis.de\/index.php\/wp-json\/wp\/v2\/pages"}],"about":[{"href":"https:\/\/www.natierheilpraxis.de\/index.php\/wp-json\/wp\/v2\/types\/page"}],"author":[{"embeddable":true,"href":"https:\/\/www.natierheilpraxis.de\/index.php\/wp-json\/wp\/v2\/users\/1"}],"replies":[{"embeddable":true,"href":"https:\/\/www.natierheilpraxis.de\/index.php\/wp-json\/wp\/v2\/comments?post=92"}],"version-history":[{"count":10,"href":"https:\/\/www.natierheilpraxis.de\/index.php\/wp-json\/wp\/v2\/pages\/92\/revisions"}],"predecessor-version":[{"id":150,"href":"https:\/\/www.natierheilpraxis.de\/index.php\/wp-json\/wp\/v2\/pages\/92\/revisions\/150"}],"wp:attachment":[{"href":"https:\/\/www.natierheilpraxis.de\/index.php\/wp-json\/wp\/v2\/media?parent=92"}],"curies":[{"name":"wp","href":"https:\/\/api.w.org\/{rel}","templated":true}]}}